{"id":132548522,"date":"2024-09-03T18:46:44","date_gmt":"2024-09-03T16:46:44","guid":{"rendered":"https:\/\/caffeonline.ch\/produkt\/lollo-caffe-golosite-dosettes-ese-serenita-camomille-pure\/"},"modified":"2024-09-03T18:46:44","modified_gmt":"2024-09-03T16:46:44","slug":"lollo-caffe-golosite-dosettes-ese-serenita-camomille-pure","status":"publish","type":"product","link":"https:\/\/caffeonline.aclas.io\/fr\/produkt\/lollo-caffe-golosite-dosettes-ese-serenita-camomille-pure\/","title":{"rendered":"Lollo Caff\u00e8 \u2013 Golosit\u00e8 \u2013 Dosettes ESE Serenit\u00e0 Camomille Pure"},"content":{"rendered":"","protected":false},"excerpt":{"rendered":"<p>Les fleurs de camomille provenant des meilleures r\u00e9gions de culture offrent une tasse de tranquillit\u00e9 et de d\u00e9tente. <strong>Lollo Caff\u00e8 \u2013 Golosit\u00e8 \u2013 Dosettes ESE Serenit\u00e0 Camomille Pure<\/strong> est une infusion naturellement l\u00e9g\u00e8re, id\u00e9ale pour se d\u00e9tendre de mani\u00e8re authentique et sans sucre.<\/p>\n<p><strong>INGR\u00c9DIENTS :<\/strong> Camomille tamis\u00e9e (Matricaria chamomilla L.).<\/p>\n","protected":false},"featured_media":15041,"comment_status":"open","ping_status":"closed","template":"","meta":{"_relevanssi_hide_post":"","_relevanssi_hide_content":"","_relevanssi_pin_for_all":"","_relevanssi_pin_keywords":"","_relevanssi_unpin_keywords":"","_relevanssi_related_keywords":"","_relevanssi_related_include_ids":"","_relevanssi_related_exclude_ids":"","_relevanssi_related_no_append":"","_relevanssi_related_not_related":"","_relevanssi_related_posts":"","_relevanssi_noindex_reason":""},"product_brand":[],"product_cat":[354,353],"product_tag":[702],"class_list":{"0":"post-132548522","1":"product","2":"type-product","3":"status-publish","4":"has-post-thumbnail","6":"product_cat-boissons-chaudes","7":"product_cat-ese-pads-fr","8":"product_tag-golosite-fr","9":"pa_brand-lollo-caffe-fr","10":"has-subscription-plans","12":"first","13":"instock","14":"sale","15":"taxable","16":"shipping-taxable","17":"purchasable","18":"product-type-simple"},"batches":[{"id":"584","date_created":"2024-08-12 08:40:05","date_expiry":"2026-05-31 00:00:00","user_id":"559","batch_number":"","supplier":"","location":"","quantity":"12.0000","quantity_available":"8.0000","units":"1","status":"active","order_ids":"[132545856,132546955,132550962,132552873]","po":null}],"_links":{"self":[{"href":"https:\/\/caffeonline.aclas.io\/fr\/wp-json\/wp\/v2\/product\/132548522","targetHints":{"allow":["GET"]}}],"collection":[{"href":"https:\/\/caffeonline.aclas.io\/fr\/wp-json\/wp\/v2\/product"}],"about":[{"href":"https:\/\/caffeonline.aclas.io\/fr\/wp-json\/wp\/v2\/types\/product"}],"replies":[{"embeddable":true,"href":"https:\/\/caffeonline.aclas.io\/fr\/wp-json\/wp\/v2\/comments?post=132548522"}],"wp:featuredmedia":[{"embeddable":true,"href":"https:\/\/caffeonline.aclas.io\/fr\/wp-json\/wp\/v2\/media\/15041"}],"wp:attachment":[{"href":"https:\/\/caffeonline.aclas.io\/fr\/wp-json\/wp\/v2\/media?parent=132548522"}],"wp:term":[{"taxonomy":"product_brand","embeddable":true,"href":"https:\/\/caffeonline.aclas.io\/fr\/wp-json\/wp\/v2\/product_brand?post=132548522"},{"taxonomy":"product_cat","embeddable":true,"href":"https:\/\/caffeonline.aclas.io\/fr\/wp-json\/wp\/v2\/product_cat?post=132548522"},{"taxonomy":"product_tag","embeddable":true,"href":"https:\/\/caffeonline.aclas.io\/fr\/wp-json\/wp\/v2\/product_tag?post=132548522"}],"curies":[{"name":"wp","href":"https:\/\/api.w.org\/{rel}","templated":true}]}}