{"id":132548513,"date":"2024-09-04T10:55:05","date_gmt":"2024-09-04T08:55:05","guid":{"rendered":"https:\/\/caffeonline.ch\/produkt\/lollo-caffe-capsules-en-aluminium-specialty-miscela-terra\/"},"modified":"2024-09-04T10:55:05","modified_gmt":"2024-09-04T08:55:05","slug":"lollo-caffe-capsules-en-aluminium-specialty-miscela-terra","status":"publish","type":"product","link":"https:\/\/caffeonline.aclas.io\/fr\/produkt\/lollo-caffe-capsules-en-aluminium-specialty-miscela-terra\/","title":{"rendered":"Lollo Caff\u00e8 \u2013 Capsules en aluminium Specialty Miscela Terra"},"content":{"rendered":"","protected":false},"excerpt":{"rendered":"<p>Les <strong>capsules en aluminium Lollo Caff\u00e8 \u2013 Specialty Miscela Terra<\/strong> offrent un <strong>m\u00e9lange \u00e9quilibr\u00e9 et doux<\/strong>, repr\u00e9sentant la liaison parfaite entre le <strong>caf\u00e9 maison<\/strong> et l&rsquo;<strong>expresso de bar<\/strong>. Ce m\u00e9lange garantit une <strong>exp\u00e9rience gustative ample et ronde<\/strong>, exprimant l&rsquo;harmonie des diff\u00e9rentes vari\u00e9t\u00e9s de Coffea.<\/p>\n<p>Avec un <strong>profil aromatique \u00e9quilibr\u00e9<\/strong> incarnant <strong>s\u00fbret\u00e9 et tradition<\/strong>, la <strong>Miscela Terra<\/strong> offre un caf\u00e9 d&rsquo;une <strong>intensit\u00e9 de 9\/10<\/strong>, id\u00e9al pour ceux qui appr\u00e9cient un expresso cors\u00e9 et puissant.<\/p>\n","protected":false},"featured_media":15098,"comment_status":"open","ping_status":"closed","template":"","meta":{"_relevanssi_hide_post":"","_relevanssi_hide_content":"","_relevanssi_pin_for_all":"","_relevanssi_pin_keywords":"","_relevanssi_unpin_keywords":"","_relevanssi_related_keywords":"","_relevanssi_related_include_ids":"","_relevanssi_related_exclude_ids":"","_relevanssi_related_no_append":"","_relevanssi_related_not_related":"","_relevanssi_related_posts":"","_relevanssi_noindex_reason":""},"product_brand":[],"product_cat":[359,652,365],"product_tag":[711],"class_list":{"0":"post-132548513","1":"product","2":"type-product","3":"status-publish","4":"has-post-thumbnail","6":"product_cat-capsules","7":"product_cat-offres-speciales-fr","8":"product_cat-systeme-nespresso","9":"product_tag-lollo-specialty-fr","10":"pa_brand-lollo-caffe-fr","11":"has-subscription-plans","13":"first","14":"instock","15":"sale","16":"taxable","17":"shipping-taxable","18":"purchasable","19":"product-type-simple"},"batches":[{"id":"592","date_created":"2024-08-12 09:06:40","date_expiry":"2026-05-31 00:00:00","user_id":"559","batch_number":"","supplier":"","location":"","quantity":"10.0000","quantity_available":"9.0000","units":"1","status":"active","order_ids":"[16178]","po":null},{"id":"1258","date_created":"2024-12-18 15:21:28","date_expiry":"2026-05-30 00:00:00","user_id":"559","batch_number":"","supplier":"","location":"","quantity":"10.0000","quantity_available":"5.0000","units":"1","status":"active","order_ids":"[132546224,132547511,132554471]","po":null}],"_links":{"self":[{"href":"https:\/\/caffeonline.aclas.io\/fr\/wp-json\/wp\/v2\/product\/132548513","targetHints":{"allow":["GET"]}}],"collection":[{"href":"https:\/\/caffeonline.aclas.io\/fr\/wp-json\/wp\/v2\/product"}],"about":[{"href":"https:\/\/caffeonline.aclas.io\/fr\/wp-json\/wp\/v2\/types\/product"}],"replies":[{"embeddable":true,"href":"https:\/\/caffeonline.aclas.io\/fr\/wp-json\/wp\/v2\/comments?post=132548513"}],"wp:featuredmedia":[{"embeddable":true,"href":"https:\/\/caffeonline.aclas.io\/fr\/wp-json\/wp\/v2\/media\/15098"}],"wp:attachment":[{"href":"https:\/\/caffeonline.aclas.io\/fr\/wp-json\/wp\/v2\/media?parent=132548513"}],"wp:term":[{"taxonomy":"product_brand","embeddable":true,"href":"https:\/\/caffeonline.aclas.io\/fr\/wp-json\/wp\/v2\/product_brand?post=132548513"},{"taxonomy":"product_cat","embeddable":true,"href":"https:\/\/caffeonline.aclas.io\/fr\/wp-json\/wp\/v2\/product_cat?post=132548513"},{"taxonomy":"product_tag","embeddable":true,"href":"https:\/\/caffeonline.aclas.io\/fr\/wp-json\/wp\/v2\/product_tag?post=132548513"}],"curies":[{"name":"wp","href":"https:\/\/api.w.org\/{rel}","templated":true}]}}