{"id":132548502,"date":"2024-11-30T12:53:21","date_gmt":"2024-11-30T11:53:21","guid":{"rendered":"https:\/\/caffeonline.ch\/produkt\/faber-machine-a-cafe-mini-agenta\/"},"modified":"2024-11-30T12:53:21","modified_gmt":"2024-11-30T11:53:21","slug":"faber-machine-a-cafe-mini-agenta","status":"publish","type":"product","link":"https:\/\/caffeonline.aclas.io\/fr\/produkt\/faber-machine-a-cafe-mini-agenta\/","title":{"rendered":"Faber \u2013 Machine \u00e0 caf\u00e9 Mini Agenta"},"content":{"rendered":"","protected":false},"excerpt":{"rendered":"<div class=\"flex max-w-full flex-col flex-grow\">\n<div class=\"min-h-8 text-message flex w-full flex-col items-end gap-2 whitespace-normal break-words [.text-message+&amp;]:mt-5\" dir=\"auto\" data-message-author-role=\"assistant\" data-message-id=\"0de49ce5-ccf4-4d7d-b0b0-640586ea5c07\" data-message-model-slug=\"gpt-4o\">\n<div class=\"flex w-full flex-col gap-1 empty:hidden first:pt-[3px]\">\n<div class=\"markdown prose w-full break-words dark:prose-invert light\">\n<p>Issue de la combinaison de <strong>mat\u00e9riaux nobles<\/strong> tels que l&rsquo;acier inoxydable, le bois et le laiton, la <strong>Mini Agenta 1.0<\/strong> est une machine \u00e0 expresso <strong>semi-professionnelle<\/strong> sp\u00e9cialement con\u00e7ue pour r\u00e9pondre aux exigences du <strong>secteur Ho.re.ca<\/strong>.<\/p>\n<p>Pour tous ceux qui souhaitent servir un <strong>expresso parfait<\/strong>, cette machine compacte offre un \u00e9quilibre id\u00e9al entre <strong>technologie avanc\u00e9e<\/strong>, <strong>design \u00e9l\u00e9gant<\/strong> et <strong>fiabilit\u00e9<\/strong>.<\/p>\n<p>Avec sa <strong>t\u00eate de percolation unique pour dosettes<\/strong> et sa <strong>fonction vapeur<\/strong> pratique, la Mini Agenta s&rsquo;int\u00e8gre dans tous les environnements. Elle allie la qualit\u00e9 de la s\u00e9rie Agenta dans des <strong>dimensions r\u00e9duites<\/strong> \u2013 parfaite pour ceux qui appr\u00e9cient la technologie et l&rsquo;esth\u00e9tique.<\/p>\n<\/div>\n<\/div>\n<\/div>\n<\/div>\n","protected":false},"featured_media":16806,"comment_status":"open","ping_status":"closed","template":"","meta":{"_relevanssi_hide_post":"","_relevanssi_hide_content":"","_relevanssi_pin_for_all":"","_relevanssi_pin_keywords":"","_relevanssi_unpin_keywords":"","_relevanssi_related_keywords":"","_relevanssi_related_include_ids":"","_relevanssi_related_exclude_ids":"","_relevanssi_related_no_append":"","_relevanssi_related_not_related":"","_relevanssi_related_posts":"","_relevanssi_noindex_reason":""},"product_brand":[],"product_cat":[357,358],"product_tag":[],"class_list":{"0":"post-132548502","1":"product","2":"type-product","3":"status-publish","4":"has-post-thumbnail","6":"product_cat-machines-a-cafe","7":"product_cat-machines-a-e-s-e-pads","8":"pa_brand-faber-fr","9":"pa_leistung-500-watts-avec-cartouche","10":"pa_pumpendruck-environ-15-bars","11":"pa_pumpentyp-pompe-a-vibration","12":"pa_stromversorgung-220v-fr","13":"pa_wassertank-capacite-en-eau-de-20-litre","15":"first","16":"instock","17":"taxable","18":"shipping-taxable","19":"purchasable","20":"product-type-variable"},"batches":[],"_links":{"self":[{"href":"https:\/\/caffeonline.aclas.io\/fr\/wp-json\/wp\/v2\/product\/132548502","targetHints":{"allow":["GET"]}}],"collection":[{"href":"https:\/\/caffeonline.aclas.io\/fr\/wp-json\/wp\/v2\/product"}],"about":[{"href":"https:\/\/caffeonline.aclas.io\/fr\/wp-json\/wp\/v2\/types\/product"}],"replies":[{"embeddable":true,"href":"https:\/\/caffeonline.aclas.io\/fr\/wp-json\/wp\/v2\/comments?post=132548502"}],"wp:featuredmedia":[{"embeddable":true,"href":"https:\/\/caffeonline.aclas.io\/fr\/wp-json\/wp\/v2\/media\/16806"}],"wp:attachment":[{"href":"https:\/\/caffeonline.aclas.io\/fr\/wp-json\/wp\/v2\/media?parent=132548502"}],"wp:term":[{"taxonomy":"product_brand","embeddable":true,"href":"https:\/\/caffeonline.aclas.io\/fr\/wp-json\/wp\/v2\/product_brand?post=132548502"},{"taxonomy":"product_cat","embeddable":true,"href":"https:\/\/caffeonline.aclas.io\/fr\/wp-json\/wp\/v2\/product_cat?post=132548502"},{"taxonomy":"product_tag","embeddable":true,"href":"https:\/\/caffeonline.aclas.io\/fr\/wp-json\/wp\/v2\/product_tag?post=132548502"}],"curies":[{"name":"wp","href":"https:\/\/api.w.org\/{rel}","templated":true}]}}