{"id":132548493,"date":"2024-11-09T12:41:13","date_gmt":"2024-11-09T11:41:13","guid":{"rendered":"https:\/\/caffeonline.ch\/produkt\/caffe-borbone-capsules-the-au-citron\/"},"modified":"2024-11-09T12:41:13","modified_gmt":"2024-11-09T11:41:13","slug":"caffe-borbone-capsules-the-au-citron","status":"publish","type":"product","link":"https:\/\/caffeonline.aclas.io\/fr\/produkt\/caffe-borbone-capsules-the-au-citron\/","title":{"rendered":"Caff\u00e8 Borbone \u2013 Capsules Th\u00e9 au Citron"},"content":{"rendered":"","protected":false},"excerpt":{"rendered":"<div class=\"flex max-w-full flex-col flex-grow\">\n<div class=\"min-h-8 text-message flex w-full flex-col items-end gap-2 whitespace-normal break-words [.text-message+&amp;]:mt-5\" dir=\"auto\" data-message-author-role=\"assistant\" data-message-id=\"171831a5-3ec8-4834-a676-599775c70f2a\" data-message-model-slug=\"gpt-4o\">\n<div class=\"flex w-full flex-col gap-1 empty:hidden first:pt-[3px]\">\n<div class=\"markdown prose w-full break-words dark:prose-invert light\">\n<p>Qu&rsquo;y a-t-il de mieux pour affronter l&rsquo;hiver ? Une <strong>tasse de th\u00e9 chaud<\/strong> entre les mains, procurant un sentiment de s\u00e9curit\u00e9 et offrant de la chaleur.<\/p>\n<p>Avec les <strong>capsules de Borbone<\/strong>, vous pr\u00e9parez une d\u00e9licieuse boisson au <strong>go\u00fbt de th\u00e9 au citron<\/strong> \u2013 parfaite pour rendre votre pause bienfaisante et vous offrir un moment de v\u00e9ritable d\u00e9tente.<\/p>\n<\/div>\n<\/div>\n<\/div>\n<\/div>\n","protected":false},"featured_media":132548494,"comment_status":"open","ping_status":"closed","template":"","meta":{"_relevanssi_hide_post":"","_relevanssi_hide_content":"","_relevanssi_pin_for_all":"","_relevanssi_pin_keywords":"","_relevanssi_unpin_keywords":"","_relevanssi_related_keywords":"","_relevanssi_related_include_ids":"","_relevanssi_related_exclude_ids":"","_relevanssi_related_no_append":"","_relevanssi_related_not_related":"","_relevanssi_related_posts":"","_relevanssi_noindex_reason":""},"product_brand":[],"product_cat":[354,359,652,360],"product_tag":[],"class_list":{"0":"post-132548493","1":"product","2":"type-product","3":"status-publish","4":"has-post-thumbnail","6":"product_cat-boissons-chaudes","7":"product_cat-capsules","8":"product_cat-offres-speciales-fr","9":"product_cat-systeme-dolce-gusto","10":"pa_brand-caffe-borbone-fr","11":"has-subscription-plans","13":"first","14":"outofstock","15":"sale","16":"taxable","17":"shipping-taxable","18":"purchasable","19":"product-type-simple"},"batches":[{"id":"959","date_created":"2024-11-06 20:28:56","date_expiry":"2025-02-23 00:00:00","user_id":"559","batch_number":"","supplier":"","location":"","quantity":"17.0000","quantity_available":"11.0000","units":"1","status":"archived","order_ids":"[132546708]","po":null}],"_links":{"self":[{"href":"https:\/\/caffeonline.aclas.io\/fr\/wp-json\/wp\/v2\/product\/132548493","targetHints":{"allow":["GET"]}}],"collection":[{"href":"https:\/\/caffeonline.aclas.io\/fr\/wp-json\/wp\/v2\/product"}],"about":[{"href":"https:\/\/caffeonline.aclas.io\/fr\/wp-json\/wp\/v2\/types\/product"}],"replies":[{"embeddable":true,"href":"https:\/\/caffeonline.aclas.io\/fr\/wp-json\/wp\/v2\/comments?post=132548493"}],"wp:featuredmedia":[{"embeddable":true,"href":"https:\/\/caffeonline.aclas.io\/fr\/wp-json\/wp\/v2\/media\/132548494"}],"wp:attachment":[{"href":"https:\/\/caffeonline.aclas.io\/fr\/wp-json\/wp\/v2\/media?parent=132548493"}],"wp:term":[{"taxonomy":"product_brand","embeddable":true,"href":"https:\/\/caffeonline.aclas.io\/fr\/wp-json\/wp\/v2\/product_brand?post=132548493"},{"taxonomy":"product_cat","embeddable":true,"href":"https:\/\/caffeonline.aclas.io\/fr\/wp-json\/wp\/v2\/product_cat?post=132548493"},{"taxonomy":"product_tag","embeddable":true,"href":"https:\/\/caffeonline.aclas.io\/fr\/wp-json\/wp\/v2\/product_tag?post=132548493"}],"curies":[{"name":"wp","href":"https:\/\/api.w.org\/{rel}","templated":true}]}}