{"id":132548478,"date":"2025-10-14T11:45:30","date_gmt":"2025-10-14T09:45:30","guid":{"rendered":"https:\/\/caffeonline.ch\/?post_type=product&#038;p=132548478"},"modified":"2025-10-14T13:59:57","modified_gmt":"2025-10-14T11:59:57","slug":"veritas-panettone-offella-marron-glace","status":"publish","type":"product","link":"https:\/\/caffeonline.aclas.io\/fr\/produkt\/veritas-panettone-offella-marron-glace\/","title":{"rendered":"Veritas &#8211; Panettone Offella Marron Glac\u00e9"},"content":{"rendered":"","protected":false},"excerpt":{"rendered":"<p>D\u00e9couvrez la <strong>culture de No\u00ebl italienne<\/strong> avec le <strong>Panettone Offella Marron Glac\u00e9<\/strong> de Veritas. Cette <strong>p\u00e2tisserie a\u00e9rienne<\/strong>, <strong>d\u00e9licate<\/strong> et <strong>sucr\u00e9e<\/strong> est un classique incontournable de toute <strong>table de No\u00ebl<\/strong> en Italie. Avec sa <strong>texture tendre<\/strong> et sa <strong>d\u00e9licate garniture de marrons<\/strong>, ce <strong>Panettone<\/strong> offre une exp\u00e9rience gustative incomparable.<\/p>\n<p>Nous importons le <strong>Panettone<\/strong> exclusivement pour la <strong>p\u00e9riode pr\u00e9c\u00e9dant No\u00ebl<\/strong> jusqu&rsquo;\u00e0 mi-janvier, directement d&rsquo;Italie. Que ce soit comme <strong>cadeau<\/strong> ou pour <strong>se faire plaisir<\/strong>, ce <strong>Panettone Marron Glac\u00e9<\/strong> est le choix parfait pour enrichir la <strong>p\u00e9riode festive<\/strong> d&rsquo;une touche de charme italien.<\/p>\n","protected":false},"featured_media":17050,"comment_status":"open","ping_status":"closed","template":"","meta":{"_relevanssi_hide_post":"","_relevanssi_hide_content":"","_relevanssi_pin_for_all":"","_relevanssi_pin_keywords":"","_relevanssi_unpin_keywords":"","_relevanssi_related_keywords":"","_relevanssi_related_include_ids":"","_relevanssi_related_exclude_ids":"","_relevanssi_related_no_append":"","_relevanssi_related_not_related":"","_relevanssi_related_posts":"","_relevanssi_noindex_reason":""},"product_brand":[],"product_cat":[367,652],"product_tag":[766],"class_list":{"0":"post-132548478","1":"product","2":"type-product","3":"status-publish","4":"has-post-thumbnail","6":"product_cat-accessoires","7":"product_cat-offres-speciales-fr","8":"product_tag-panettone-fr","9":"pa_brand-veritas-fr","11":"first","12":"onbackorder","13":"taxable","14":"shipping-taxable","15":"purchasable","16":"product-type-simple"},"batches":[{"id":"1132","date_created":"2024-12-04 17:48:54","date_expiry":"2025-03-31 00:00:00","user_id":"1","batch_number":"","supplier":"","location":"","quantity":"12.0000","quantity_available":"0.0000","units":"1","status":"archived","order_ids":"[17192]","po":null},{"id":"2737","date_created":"2025-11-19 19:37:09","date_expiry":"2026-03-31 00:00:00","user_id":"2","batch_number":"","supplier":"","location":"","quantity":"4.0000","quantity_available":"0.0000","units":"1","status":"archived","order_ids":"[132552607]","po":null}],"_links":{"self":[{"href":"https:\/\/caffeonline.aclas.io\/fr\/wp-json\/wp\/v2\/product\/132548478","targetHints":{"allow":["GET"]}}],"collection":[{"href":"https:\/\/caffeonline.aclas.io\/fr\/wp-json\/wp\/v2\/product"}],"about":[{"href":"https:\/\/caffeonline.aclas.io\/fr\/wp-json\/wp\/v2\/types\/product"}],"replies":[{"embeddable":true,"href":"https:\/\/caffeonline.aclas.io\/fr\/wp-json\/wp\/v2\/comments?post=132548478"}],"wp:featuredmedia":[{"embeddable":true,"href":"https:\/\/caffeonline.aclas.io\/fr\/wp-json\/wp\/v2\/media\/17050"}],"wp:attachment":[{"href":"https:\/\/caffeonline.aclas.io\/fr\/wp-json\/wp\/v2\/media?parent=132548478"}],"wp:term":[{"taxonomy":"product_brand","embeddable":true,"href":"https:\/\/caffeonline.aclas.io\/fr\/wp-json\/wp\/v2\/product_brand?post=132548478"},{"taxonomy":"product_cat","embeddable":true,"href":"https:\/\/caffeonline.aclas.io\/fr\/wp-json\/wp\/v2\/product_cat?post=132548478"},{"taxonomy":"product_tag","embeddable":true,"href":"https:\/\/caffeonline.aclas.io\/fr\/wp-json\/wp\/v2\/product_tag?post=132548478"}],"curies":[{"name":"wp","href":"https:\/\/api.w.org\/{rel}","templated":true}]}}