{"id":132548470,"date":"2025-10-14T11:45:27","date_gmt":"2025-10-14T09:45:27","guid":{"rendered":"https:\/\/caffeonline.ch\/?post_type=product&#038;p=132548470"},"modified":"2025-10-14T11:45:28","modified_gmt":"2025-10-14T09:45:28","slug":"veritas-panettone-offella-cioccolato-fondente","status":"publish","type":"product","link":"https:\/\/caffeonline.aclas.io\/fr\/produkt\/veritas-panettone-offella-cioccolato-fondente\/","title":{"rendered":"Veritas &#8211; Panettone Offella Cioccolato Fondente"},"content":{"rendered":"","protected":false},"excerpt":{"rendered":"<div class=\"flex max-w-full flex-col flex-grow\">\n<div class=\"min-h-8 text-message flex w-full flex-col items-end gap-2 whitespace-normal break-words [.text-message+&amp;]:mt-5\" dir=\"auto\" data-message-author-role=\"assistant\" data-message-id=\"6c967e25-efba-4503-89ac-a849452a80a6\" data-message-model-slug=\"gpt-4o\">\n<div class=\"flex w-full flex-col gap-1 empty:hidden first:pt-[3px]\">\n<div class=\"markdown prose w-full break-words dark:prose-invert light\">\n<p>D\u00e9couvrez la <strong>culture italienne de No\u00ebl<\/strong> avec le <strong>Panettone Offella Cioccolato Fondente<\/strong> de Veritas. Cette <strong>l\u00e9g\u00e8re<\/strong>, <strong>d\u00e9licate<\/strong> et <strong>douce p\u00e2tisserie<\/strong> est un incontournable de toute <strong>table de No\u00ebl<\/strong> en Italie. Le <strong>Panettone Cioccolato Fondente<\/strong> s\u00e9duit par sa <strong>texture tendre<\/strong> et une <strong>fine garniture de chocolat noir<\/strong>, offrant une exp\u00e9rience gustative intense.<\/p>\n<p>Nous importons le <strong>Panettone<\/strong> exclusivement pour la <strong>p\u00e9riode pr\u00e9c\u00e9dant No\u00ebl<\/strong> jusqu&rsquo;\u00e0 la mi-janvier, directement d&rsquo;Italie. Que ce soit comme <strong>cadeau<\/strong> ou pour votre propre plaisir, ce <strong>Panettone<\/strong> est le choix id\u00e9al pour rehausser la <strong>saison festive<\/strong> d&rsquo;une touche de charme italien.<\/p>\n<\/div>\n<\/div>\n<\/div>\n<\/div>\n","protected":false},"featured_media":17044,"comment_status":"open","ping_status":"closed","template":"","meta":{"_relevanssi_hide_post":"","_relevanssi_hide_content":"","_relevanssi_pin_for_all":"","_relevanssi_pin_keywords":"","_relevanssi_unpin_keywords":"","_relevanssi_related_keywords":"","_relevanssi_related_include_ids":"","_relevanssi_related_exclude_ids":"","_relevanssi_related_no_append":"","_relevanssi_related_not_related":"","_relevanssi_related_posts":"","_relevanssi_noindex_reason":""},"product_brand":[],"product_cat":[367,652],"product_tag":[766],"class_list":{"0":"post-132548470","1":"product","2":"type-product","3":"status-publish","4":"has-post-thumbnail","6":"product_cat-accessoires","7":"product_cat-offres-speciales-fr","8":"product_tag-panettone-fr","9":"pa_brand-veritas-fr","11":"first","12":"instock","13":"taxable","14":"shipping-taxable","15":"purchasable","16":"product-type-simple"},"batches":[{"id":"1133","date_created":"2024-12-04 17:51:20","date_expiry":"2025-03-31 00:00:00","user_id":"1","batch_number":"","supplier":"","location":"","quantity":"12.0000","quantity_available":"0.0000","units":"1","status":"archived","order_ids":"[17184]","po":null},{"id":"2734","date_created":"2025-11-19 19:35:46","date_expiry":"2026-03-31 00:00:00","user_id":"2","batch_number":"","supplier":"","location":"","quantity":"6.0000","quantity_available":"0.0000","units":"1","status":"archived","order_ids":"[132552242,132552314,132552362,132552364,132552549]","po":null},{"id":"2942","date_created":"2026-01-07 20:32:38","date_expiry":null,"user_id":"2","batch_number":"","supplier":"","location":"","quantity":"1.0000","quantity_available":"1.0000","units":"1","status":"active","order_ids":null,"po":null}],"_links":{"self":[{"href":"https:\/\/caffeonline.aclas.io\/fr\/wp-json\/wp\/v2\/product\/132548470","targetHints":{"allow":["GET"]}}],"collection":[{"href":"https:\/\/caffeonline.aclas.io\/fr\/wp-json\/wp\/v2\/product"}],"about":[{"href":"https:\/\/caffeonline.aclas.io\/fr\/wp-json\/wp\/v2\/types\/product"}],"replies":[{"embeddable":true,"href":"https:\/\/caffeonline.aclas.io\/fr\/wp-json\/wp\/v2\/comments?post=132548470"}],"wp:featuredmedia":[{"embeddable":true,"href":"https:\/\/caffeonline.aclas.io\/fr\/wp-json\/wp\/v2\/media\/17044"}],"wp:attachment":[{"href":"https:\/\/caffeonline.aclas.io\/fr\/wp-json\/wp\/v2\/media?parent=132548470"}],"wp:term":[{"taxonomy":"product_brand","embeddable":true,"href":"https:\/\/caffeonline.aclas.io\/fr\/wp-json\/wp\/v2\/product_brand?post=132548470"},{"taxonomy":"product_cat","embeddable":true,"href":"https:\/\/caffeonline.aclas.io\/fr\/wp-json\/wp\/v2\/product_cat?post=132548470"},{"taxonomy":"product_tag","embeddable":true,"href":"https:\/\/caffeonline.aclas.io\/fr\/wp-json\/wp\/v2\/product_tag?post=132548470"}],"curies":[{"name":"wp","href":"https:\/\/api.w.org\/{rel}","templated":true}]}}