{"id":132548463,"date":"2024-12-19T10:00:20","date_gmt":"2024-12-19T09:00:20","guid":{"rendered":"https:\/\/caffeonline.ch\/produkt\/verzi-caffe-capsules-aroma-ricco\/"},"modified":"2024-12-19T10:00:20","modified_gmt":"2024-12-19T09:00:20","slug":"verzi-caffe-capsules-aroma-ricco","status":"publish","type":"product","link":"https:\/\/caffeonline.aclas.io\/fr\/produkt\/verzi-caffe-capsules-aroma-ricco\/","title":{"rendered":"Verz\u00ec Caff\u00e8 \u2013 Capsules Aroma Ricco"},"content":{"rendered":"","protected":false},"excerpt":{"rendered":"<div class=\"flex-shrink-0 flex flex-col relative items-end\">\n<div>\n<div class=\"pt-0\">\n<div class=\"gizmo-bot-avatar flex h-8 w-8 items-center justify-center overflow-hidden rounded-full\"><\/div>\n<\/div>\n<\/div>\n<\/div>\n<div class=\"group\/conversation-turn relative flex w-full min-w-0 flex-col agent-turn\">\n<div class=\"flex-col gap-1 md:gap-3\">\n<div class=\"flex max-w-full flex-col flex-grow\">\n<div class=\"min-h-8 text-message flex w-full flex-col items-end gap-2 whitespace-normal break-words text-start [.text-message+&amp;]:mt-5\" dir=\"auto\" data-message-author-role=\"assistant\" data-message-id=\"7c2a723b-3051-4c99-a636-2f9dcbb9876d\" data-message-model-slug=\"gpt-4o\">\n<div class=\"flex w-full flex-col gap-1 empty:hidden first:pt-[3px]\">\n<div class=\"markdown prose w-full break-words dark:prose-invert light\">\n<p>D\u00e9couvrez les capsules <strong>Verz\u00ec Caff\u00e8 Aroma Ricco<\/strong>, compatibles avec les <strong>machines Nespresso<\/strong>. Avec un m\u00e9lange parfait de <strong>30% d&rsquo;Arabica<\/strong> et <strong>70% de Robusta<\/strong>, ce caf\u00e9 offre une exp\u00e9rience in\u00e9gal\u00e9e de qualit\u00e9 italienne sup\u00e9rieure.<\/p>\n<p>Son <strong>profil aromatique<\/strong> et <strong>velout\u00e9<\/strong> en fait le choix id\u00e9al pour chaque moment de la journ\u00e9e. Que ce soit le matin ou lors d&rsquo;une pause plaisir, <strong>Verz\u00ec Aroma Ricco<\/strong> d\u00e9livre un go\u00fbt intense et \u00e9quilibr\u00e9 qui vous enchantera.<\/p>\n<p>Savourez l&rsquo;excellence de <strong>Verz\u00ec Caff\u00e8 Aroma Ricco<\/strong> et apportez l&rsquo;art authentique du caf\u00e9 italien directement dans votre tasse !<\/p>\n<\/div>\n<\/div>\n<\/div>\n<\/div>\n<\/div>\n<\/div>\n","protected":false},"featured_media":132548467,"comment_status":"open","ping_status":"closed","template":"","meta":{"_relevanssi_hide_post":"","_relevanssi_hide_content":"","_relevanssi_pin_for_all":"","_relevanssi_pin_keywords":"","_relevanssi_unpin_keywords":"","_relevanssi_related_keywords":"","_relevanssi_related_include_ids":"","_relevanssi_related_exclude_ids":"","_relevanssi_related_no_append":"","_relevanssi_related_not_related":"","_relevanssi_related_posts":"","_relevanssi_noindex_reason":""},"product_brand":[],"product_cat":[359,365],"product_tag":[],"class_list":{"0":"post-132548463","1":"product","2":"type-product","3":"status-publish","4":"has-post-thumbnail","6":"product_cat-capsules","7":"product_cat-systeme-nespresso","8":"pa_brand-caffe-verzi-fr","9":"has-subscription-plans","11":"first","12":"instock","13":"taxable","14":"shipping-taxable","15":"purchasable","16":"product-type-simple"},"batches":[{"id":"1245","date_created":"2024-12-18 14:32:32","date_expiry":"2026-10-30 00:00:00","user_id":"559","batch_number":"","supplier":"","location":"","quantity":"84.0000","quantity_available":"47.0000","units":"1","status":"active","order_ids":"[132546241,132546689,132546858,132547251,132547253,132547429,132547434,132548311,132549246,132549301,132549638,132549639,132549708,132549812,132551214,132551916,132551971,132551972,132552311,132552862,132553285,132553568,132554124]","po":null},{"id":"2582","date_created":"2025-10-27 11:54:42","date_expiry":"2027-09-30 00:00:00","user_id":"1","batch_number":"","supplier":"","location":"","quantity":"51.0000","quantity_available":"51.0000","units":"1","status":"active","order_ids":null,"po":null}],"_links":{"self":[{"href":"https:\/\/caffeonline.aclas.io\/fr\/wp-json\/wp\/v2\/product\/132548463","targetHints":{"allow":["GET"]}}],"collection":[{"href":"https:\/\/caffeonline.aclas.io\/fr\/wp-json\/wp\/v2\/product"}],"about":[{"href":"https:\/\/caffeonline.aclas.io\/fr\/wp-json\/wp\/v2\/types\/product"}],"replies":[{"embeddable":true,"href":"https:\/\/caffeonline.aclas.io\/fr\/wp-json\/wp\/v2\/comments?post=132548463"}],"wp:featuredmedia":[{"embeddable":true,"href":"https:\/\/caffeonline.aclas.io\/fr\/wp-json\/wp\/v2\/media\/132548467"}],"wp:attachment":[{"href":"https:\/\/caffeonline.aclas.io\/fr\/wp-json\/wp\/v2\/media?parent=132548463"}],"wp:term":[{"taxonomy":"product_brand","embeddable":true,"href":"https:\/\/caffeonline.aclas.io\/fr\/wp-json\/wp\/v2\/product_brand?post=132548463"},{"taxonomy":"product_cat","embeddable":true,"href":"https:\/\/caffeonline.aclas.io\/fr\/wp-json\/wp\/v2\/product_cat?post=132548463"},{"taxonomy":"product_tag","embeddable":true,"href":"https:\/\/caffeonline.aclas.io\/fr\/wp-json\/wp\/v2\/product_tag?post=132548463"}],"curies":[{"name":"wp","href":"https:\/\/api.w.org\/{rel}","templated":true}]}}