{"id":132548452,"date":"2025-02-16T12:48:54","date_gmt":"2025-02-16T11:48:54","guid":{"rendered":"https:\/\/caffeonline.ch\/produkt\/verzi-caffe-capsules-arome-grand-gout\/"},"modified":"2025-11-23T21:57:06","modified_gmt":"2025-11-23T20:57:06","slug":"verzi-caffe-capsules-arome-grand-gout","status":"publish","type":"product","link":"https:\/\/caffeonline.aclas.io\/fr\/produkt\/verzi-caffe-capsules-arome-grand-gout\/","title":{"rendered":"Verz\u00ec Caff\u00e8 \u2013 Capsules Ar\u00f4me Grand Go\u00fbt"},"content":{"rendered":"","protected":false},"excerpt":{"rendered":"<p data-start=\"46\" data-end=\"325\"><strong data-start=\"46\" data-end=\"66\">Ar\u00f4me Grand Go\u00fbt<\/strong> est un m\u00e9lange raffin\u00e9 et aromatique compos\u00e9 des meilleurs caf\u00e9s s\u00e9lectionn\u00e9s. Cette composition a \u00e9t\u00e9 \u00e9labor\u00e9e afin de d\u00e9velopper un <strong data-start=\"213\" data-end=\"253\">go\u00fbt intense et enveloppant<\/strong>, faisant de chaque gorg\u00e9e une exp\u00e9rience des plus d\u00e9lectables.<\/p>\n<p data-start=\"327\" data-end=\"622\" data-is-last-node=\"\">Les capsules sont conditionn\u00e9es en <strong data-start=\"347\" data-end=\"375\">sachets pratiques de 10 unit\u00e9s<\/strong>, afin de pr\u00e9server de mani\u00e8re optimale <strong data-start=\"393\" data-end=\"424\">la fra\u00eecheur et tout l&rsquo;ar\u00f4me<\/strong> du caf\u00e9. Ainsi, <strong data-start=\"472\" data-end=\"487\">Verz\u00ec Caff\u00e8<\/strong> garantit \u00e0 tout moment un expresso de haute qualit\u00e9 et riche en saveurs \u2013 parfait pour les amateurs de caf\u00e9 qui accordent de l&rsquo;importance \u00e0 la qualit\u00e9 et au confort.<\/p>\n","protected":false},"featured_media":132548454,"comment_status":"open","ping_status":"closed","template":"","meta":{"_relevanssi_hide_post":"","_relevanssi_hide_content":"","_relevanssi_pin_for_all":"","_relevanssi_pin_keywords":"","_relevanssi_unpin_keywords":"","_relevanssi_related_keywords":"","_relevanssi_related_include_ids":"","_relevanssi_related_exclude_ids":"","_relevanssi_related_no_append":"","_relevanssi_related_not_related":"","_relevanssi_related_posts":"","_relevanssi_noindex_reason":""},"product_brand":[],"product_cat":[359,365],"product_tag":[],"class_list":{"0":"post-132548452","1":"product","2":"type-product","3":"status-publish","4":"has-post-thumbnail","6":"product_cat-capsules","7":"product_cat-systeme-nespresso","8":"pa_brand-caffe-verzi-fr","9":"has-subscription-plans","11":"first","12":"instock","13":"taxable","14":"shipping-taxable","15":"purchasable","16":"product-type-variable"},"batches":[],"_links":{"self":[{"href":"https:\/\/caffeonline.aclas.io\/fr\/wp-json\/wp\/v2\/product\/132548452","targetHints":{"allow":["GET"]}}],"collection":[{"href":"https:\/\/caffeonline.aclas.io\/fr\/wp-json\/wp\/v2\/product"}],"about":[{"href":"https:\/\/caffeonline.aclas.io\/fr\/wp-json\/wp\/v2\/types\/product"}],"replies":[{"embeddable":true,"href":"https:\/\/caffeonline.aclas.io\/fr\/wp-json\/wp\/v2\/comments?post=132548452"}],"wp:featuredmedia":[{"embeddable":true,"href":"https:\/\/caffeonline.aclas.io\/fr\/wp-json\/wp\/v2\/media\/132548454"}],"wp:attachment":[{"href":"https:\/\/caffeonline.aclas.io\/fr\/wp-json\/wp\/v2\/media?parent=132548452"}],"wp:term":[{"taxonomy":"product_brand","embeddable":true,"href":"https:\/\/caffeonline.aclas.io\/fr\/wp-json\/wp\/v2\/product_brand?post=132548452"},{"taxonomy":"product_cat","embeddable":true,"href":"https:\/\/caffeonline.aclas.io\/fr\/wp-json\/wp\/v2\/product_cat?post=132548452"},{"taxonomy":"product_tag","embeddable":true,"href":"https:\/\/caffeonline.aclas.io\/fr\/wp-json\/wp\/v2\/product_tag?post=132548452"}],"curies":[{"name":"wp","href":"https:\/\/api.w.org\/{rel}","templated":true}]}}