{"id":132548439,"date":"2025-03-15T16:06:41","date_gmt":"2025-03-15T15:06:41","guid":{"rendered":"https:\/\/caffeonline.ch\/produkt\/caffe-toraldo-dosettes-ese-cafe-au-gout-caramel\/"},"modified":"2026-03-17T18:51:40","modified_gmt":"2026-03-17T17:51:40","slug":"caffe-toraldo-dosettes-ese-cafe-au-gout-caramel","status":"publish","type":"product","link":"https:\/\/caffeonline.aclas.io\/fr\/produkt\/caffe-toraldo-dosettes-ese-cafe-au-gout-caramel\/","title":{"rendered":"Caff\u00e8 Toraldo \u2013 Dosettes ESE Caf\u00e9 au Go\u00fbt Caramel"},"content":{"rendered":"","protected":false},"excerpt":{"rendered":"<p data-start=\"0\" data-end=\"376\">D\u00e9couvrez le plaisir inimitable du <strong data-start=\"49\" data-end=\"66\">Caff\u00e8 Toraldo<\/strong> avec le d\u00e9licieux <strong data-start=\"86\" data-end=\"115\">Caff\u00e8 al Gusto Cioccolato<\/strong>. Ce m\u00e9lange allie le go\u00fbt cors\u00e9 et robuste du <strong data-start=\"182\" data-end=\"201\">caf\u00e9 Toraldo<\/strong> \u00e0 la note sucr\u00e9e et s\u00e9duisante du <strong data-start=\"245\" data-end=\"259\">chocolat<\/strong>. Une boisson parfaite pour les amateurs de caf\u00e9 qui appr\u00e9cient la combinaison id\u00e9ale entre le <strong data-start=\"337\" data-end=\"347\">caf\u00e9<\/strong> et le <strong data-start=\"352\" data-end=\"366\">chocolat<\/strong>.<\/p>\n<p data-start=\"378\" data-end=\"619\" data-is-last-node=\"\" data-is-only-node=\"\">Id\u00e9al pour une <strong data-start=\"393\" data-end=\"417\">pause relaxante<\/strong> le matin ou comme <strong data-start=\"437\" data-end=\"453\">plaisir sucr\u00e9<\/strong> l&rsquo;apr\u00e8s-midi. Les <strong data-start=\"473\" data-end=\"485\">dosettes ESE<\/strong> garantissent une <strong data-start=\"503\" data-end=\"540\">pr\u00e9paration simple et rapide<\/strong>, vous permettant de savourer \u00e0 tout moment une d\u00e9licieuse <strong data-start=\"593\" data-end=\"611\">cr\u00e9ation caf\u00e9in\u00e9e<\/strong>.<\/p>\n","protected":false},"featured_media":132547663,"comment_status":"open","ping_status":"closed","template":"","meta":{"_relevanssi_hide_post":"","_relevanssi_hide_content":"","_relevanssi_pin_for_all":"","_relevanssi_pin_keywords":"","_relevanssi_unpin_keywords":"","_relevanssi_related_keywords":"","_relevanssi_related_include_ids":"","_relevanssi_related_exclude_ids":"","_relevanssi_related_no_append":"","_relevanssi_related_not_related":"","_relevanssi_related_posts":"","_relevanssi_noindex_reason":""},"product_brand":[],"product_cat":[354,353],"product_tag":[],"class_list":{"0":"post-132548439","1":"product","2":"type-product","3":"status-publish","4":"has-post-thumbnail","6":"product_cat-boissons-chaudes","7":"product_cat-ese-pads-fr","8":"pa_brand-caffe-toraldo-fr","9":"has-subscription-plans","11":"first","12":"instock","13":"sale","14":"taxable","15":"shipping-taxable","16":"purchasable","17":"product-type-simple"},"batches":[{"id":"1694","date_created":"2025-03-15 14:39:09","date_expiry":"2026-05-31 00:00:00","user_id":"559","batch_number":"","supplier":"","location":"","quantity":"15.0000","quantity_available":"0.0000","units":"1","status":"archived","order_ids":"[132547523,132550045,132550089,132551881]","po":null},{"id":"2495","date_created":"2025-10-21 08:26:14","date_expiry":"2027-01-01 00:00:00","user_id":"2","batch_number":"","supplier":"","location":"","quantity":"18.0000","quantity_available":"12.0000","units":"1","status":"active","order_ids":"[132551881,132552738,132552809,132553720,132554122,132554509]","po":null}],"_links":{"self":[{"href":"https:\/\/caffeonline.aclas.io\/fr\/wp-json\/wp\/v2\/product\/132548439","targetHints":{"allow":["GET"]}}],"collection":[{"href":"https:\/\/caffeonline.aclas.io\/fr\/wp-json\/wp\/v2\/product"}],"about":[{"href":"https:\/\/caffeonline.aclas.io\/fr\/wp-json\/wp\/v2\/types\/product"}],"replies":[{"embeddable":true,"href":"https:\/\/caffeonline.aclas.io\/fr\/wp-json\/wp\/v2\/comments?post=132548439"}],"wp:featuredmedia":[{"embeddable":true,"href":"https:\/\/caffeonline.aclas.io\/fr\/wp-json\/wp\/v2\/media\/132547663"}],"wp:attachment":[{"href":"https:\/\/caffeonline.aclas.io\/fr\/wp-json\/wp\/v2\/media?parent=132548439"}],"wp:term":[{"taxonomy":"product_brand","embeddable":true,"href":"https:\/\/caffeonline.aclas.io\/fr\/wp-json\/wp\/v2\/product_brand?post=132548439"},{"taxonomy":"product_cat","embeddable":true,"href":"https:\/\/caffeonline.aclas.io\/fr\/wp-json\/wp\/v2\/product_cat?post=132548439"},{"taxonomy":"product_tag","embeddable":true,"href":"https:\/\/caffeonline.aclas.io\/fr\/wp-json\/wp\/v2\/product_tag?post=132548439"}],"curies":[{"name":"wp","href":"https:\/\/api.w.org\/{rel}","templated":true}]}}