{"id":132548426,"date":"2025-05-03T16:32:15","date_gmt":"2025-05-03T14:32:15","guid":{"rendered":"https:\/\/caffeonline.ch\/produkt\/joefrex-knock-box-basic\/"},"modified":"2025-05-03T16:32:15","modified_gmt":"2025-05-03T14:32:15","slug":"joefrex-knock-box-basic","status":"publish","type":"product","link":"https:\/\/caffeonline.aclas.io\/fr\/produkt\/joefrex-knock-box-basic\/","title":{"rendered":"JoeFrex &#8211; Knock Box Basic"},"content":{"rendered":"","protected":false},"excerpt":{"rendered":"<p class=\"\" data-start=\"137\" data-end=\"608\">La <strong data-start=\"141\" data-end=\"162\">Knock Box Basic<\/strong> de JoeFrex impressionne par sa <strong data-start=\"196\" data-end=\"216\">taille pratique<\/strong> et son design compact et \u00e9l\u00e9gant. Le <strong data-start=\"259\" data-end=\"280\">fond antid\u00e9rapant<\/strong> assure une stabilit\u00e9 optimale, tandis que la <strong data-start=\"329\" data-end=\"383\">barre de frappe amortie par du silicone de qualit\u00e9 alimentaire<\/strong> rend l&rsquo;\u00e9limination du marc de caf\u00e9 particuli\u00e8rement <strong data-start=\"424\" data-end=\"449\">silencieuse et confortable<\/strong>. Avec un diam\u00e8tre de 12 cm et une hauteur de 10 cm, ce petit r\u00e9cipient noir pour marc de caf\u00e9 trouvera assur\u00e9ment sa place \u00e0 c\u00f4t\u00e9 de toute machine \u00e0 expresso.<\/p>\n<p class=\"\" data-start=\"610\" data-end=\"963\">Fabriqu\u00e9e en <strong data-start=\"626\" data-end=\"650\">plastique dur robuste<\/strong>, la bo\u00eete est particuli\u00e8rement <strong data-start=\"674\" data-end=\"690\">facile d&rsquo;entretien<\/strong> et <strong data-start=\"695\" data-end=\"720\">compatible avec le lave-vaisselle<\/strong>. Pour un nettoyage en profondeur, la barre de frappe peut \u00eatre retir\u00e9e ais\u00e9ment &#8211; elle peut m\u00eame \u00eatre recommand\u00e9e s\u00e9par\u00e9ment en tant que pi\u00e8ce de rechange si n\u00e9cessaire. Une solution simple et hygi\u00e9nique, id\u00e9ale pour un usage quotidien \u00e0 domicile ou dans un petit caf\u00e9.<\/p>\n","protected":false},"featured_media":132548395,"comment_status":"open","ping_status":"closed","template":"","meta":{"_relevanssi_hide_post":"","_relevanssi_hide_content":"","_relevanssi_pin_for_all":"","_relevanssi_pin_keywords":"","_relevanssi_unpin_keywords":"","_relevanssi_related_keywords":"","_relevanssi_related_include_ids":"","_relevanssi_related_exclude_ids":"","_relevanssi_related_no_append":"","_relevanssi_related_not_related":"","_relevanssi_related_posts":"","_relevanssi_noindex_reason":""},"product_brand":[],"product_cat":[367],"product_tag":[],"class_list":{"0":"post-132548426","1":"product","2":"type-product","3":"status-publish","4":"has-post-thumbnail","6":"product_cat-accessoires","7":"pa_brand-joefrex-fr","9":"first","10":"outofstock","11":"taxable","12":"shipping-taxable","13":"purchasable","14":"product-type-simple"},"batches":[{"id":"1768","date_created":"2025-04-05 11:27:33","date_expiry":null,"user_id":"559","batch_number":"","supplier":"","location":"","quantity":"3.0000","quantity_available":"0.0000","units":"1","status":"archived","order_ids":"[132549338,132549365,132550155]","po":null}],"_links":{"self":[{"href":"https:\/\/caffeonline.aclas.io\/fr\/wp-json\/wp\/v2\/product\/132548426","targetHints":{"allow":["GET"]}}],"collection":[{"href":"https:\/\/caffeonline.aclas.io\/fr\/wp-json\/wp\/v2\/product"}],"about":[{"href":"https:\/\/caffeonline.aclas.io\/fr\/wp-json\/wp\/v2\/types\/product"}],"replies":[{"embeddable":true,"href":"https:\/\/caffeonline.aclas.io\/fr\/wp-json\/wp\/v2\/comments?post=132548426"}],"wp:featuredmedia":[{"embeddable":true,"href":"https:\/\/caffeonline.aclas.io\/fr\/wp-json\/wp\/v2\/media\/132548395"}],"wp:attachment":[{"href":"https:\/\/caffeonline.aclas.io\/fr\/wp-json\/wp\/v2\/media?parent=132548426"}],"wp:term":[{"taxonomy":"product_brand","embeddable":true,"href":"https:\/\/caffeonline.aclas.io\/fr\/wp-json\/wp\/v2\/product_brand?post=132548426"},{"taxonomy":"product_cat","embeddable":true,"href":"https:\/\/caffeonline.aclas.io\/fr\/wp-json\/wp\/v2\/product_cat?post=132548426"},{"taxonomy":"product_tag","embeddable":true,"href":"https:\/\/caffeonline.aclas.io\/fr\/wp-json\/wp\/v2\/product_tag?post=132548426"}],"curies":[{"name":"wp","href":"https:\/\/api.w.org\/{rel}","templated":true}]}}