{"id":132549308,"date":"2021-08-25T07:26:28","date_gmt":"2021-08-25T05:26:28","guid":{"rendered":"https:\/\/caffeonline.ch\/a-propos-de-nous\/"},"modified":"2025-09-06T11:08:43","modified_gmt":"2025-09-06T09:08:43","slug":"a-propos-de-nous","status":"publish","type":"page","link":"https:\/\/caffeonline.aclas.io\/fr\/a-propos-de-nous\/","title":{"rendered":"\u00c0 propos de nous"},"content":{"rendered":"<div class=\"wpb-content-wrapper\"><p>[vc_row full_width=\u00a0\u00bbstretch_row\u00a0\u00bb content_placement=\u00a0\u00bbmiddle\u00a0\u00bb css=\u00a0\u00bb.vc_custom_1757149721131{margin-top: -40px !important;padding-top: 70px !important;background-color: #a05c3e !important;}\u00a0\u00bb mobile_bg_img_hidden=\u00a0\u00bbno\u00a0\u00bb tablet_bg_img_hidden=\u00a0\u00bbno\u00a0\u00bb woodmart_parallax=\u00a0\u00bb0&Prime; woodmart_gradient_switch=\u00a0\u00bbno\u00a0\u00bb row_reverse_mobile=\u00a0\u00bb0&Prime; row_reverse_tablet=\u00a0\u00bb0&Prime; woodmart_disable_overflow=\u00a0\u00bb0&Prime; wd_z_index=\u00a0\u00bbno\u00a0\u00bb woodmart_css_id=\u00a0\u00bb68bbfa1492c16&Prime; responsive_spacing=\u00a0\u00bbeyJwYXJhbV90eXBlIjoid29vZG1hcnRfcmVzcG9uc2l2ZV9zcGFjaW5nIiwic2VsZWN0b3JfaWQiOiI2OGJiZmExNDkyYzE2Iiwic2hvcnRjb2RlIjoidmNfcm93IiwiZGF0YSI6eyJ0YWJsZXQiOnt9LCJtb2JpbGUiOnsicGFkZGluZy10b3AiOiI2MHB4IiwicGFkZGluZy1ib3R0b20iOiIyMHB4In19fQ==\u00a0\u00bb woodmart_box_shadow=\u00a0\u00bbno\u00a0\u00bb][vc_column css=\u00a0\u00bb.vc_custom_1629876989711{margin-bottom: 40px !important;padding-top: 0px !important;}\u00a0\u00bb mobile_bg_img_hidden=\u00a0\u00bbno\u00a0\u00bb tablet_bg_img_hidden=\u00a0\u00bbno\u00a0\u00bb woodmart_parallax=\u00a0\u00bb0&Prime; woodmart_sticky_column=\u00a0\u00bbfalse\u00a0\u00bb parallax_scroll=\u00a0\u00bbno\u00a0\u00bb mobile_reset_margin=\u00a0\u00bbno\u00a0\u00bb tablet_reset_margin=\u00a0\u00bbno\u00a0\u00bb offset=\u00a0\u00bbvc_col-lg-4 vc_col-md-4 vc_col-xs-12&Prime; wd_z_index=\u00a0\u00bbno\u00a0\u00bb woodmart_css_id=\u00a0\u00bb6125f2fa74bd9&Prime; responsive_spacing=\u00a0\u00bbeyJwYXJhbV90eXBlIjoid29vZG1hcnRfcmVzcG9uc2l2ZV9zcGFjaW5nIiwic2VsZWN0b3JfaWQiOiI2MTI1ZjJmYTc0YmQ5Iiwic2hvcnRjb2RlIjoidmNfY29sdW1uIiwiZGF0YSI6eyJ0YWJsZXQiOnt9LCJtb2JpbGUiOnt9fX0=\u00a0\u00bb]\n\t\t<div id=\"wd-65ef0a1d2325b\" class=\"title-wrapper wd-wpb wd-set-mb reset-last-child  wd-rs-65ef0a1d2325b wd-title-color-primary wd-title-style-default text-left vc_custom_1710164525905 wd-width-enabled wd-underline-colored\" style=\"--wd-max-width: 90%;\">\n\t\t\t\t\t\t\t\n\t\t\t\t<div class=\"title-subtitle  subtitle-color-primary font-default subtitle-style-default wd-font-weight-600 wd-fontsize-xs\">QUELQUES MOTS \u00c0 NOTRE SUJET<\/div>\n\t\t\t\n\t\t\t<div class=\"liner-continer\">\n\t\t\t\t<h4 class=\"woodmart-title-container title  wd-font-weight- wd-fontsize-xxl\" >Notre \u00e9quipe.<br \/>\nNotre force.<\/h4>\n\t\t\t\t\t\t\t<\/div>\n\t\t\t\n\t\t\t\n\t\t\t\n\t\t<\/div>\n\t\t\n\t\t[\/vc_column][vc_column width=\u00a0\u00bb1\/2&Prime; css=\u00a0\u00bb.vc_custom_1629876984854{margin-bottom: 40px !important;padding-top: 0px !important;}\u00a0\u00bb mobile_bg_img_hidden=\u00a0\u00bbno\u00a0\u00bb tablet_bg_img_hidden=\u00a0\u00bbno\u00a0\u00bb woodmart_parallax=\u00a0\u00bb0&Prime; woodmart_sticky_column=\u00a0\u00bbfalse\u00a0\u00bb parallax_scroll=\u00a0\u00bbno\u00a0\u00bb mobile_reset_margin=\u00a0\u00bbno\u00a0\u00bb tablet_reset_margin=\u00a0\u00bbno\u00a0\u00bb offset=\u00a0\u00bbvc_col-lg-offset-1 vc_col-lg-3 vc_col-md-4&Prime; wd_z_index=\u00a0\u00bbno\u00a0\u00bb woodmart_css_id=\u00a0\u00bb6125f2f5a2779&Prime; responsive_spacing=\u00a0\u00bbeyJwYXJhbV90eXBlIjoid29vZG1hcnRfcmVzcG9uc2l2ZV9zcGFjaW5nIiwic2VsZWN0b3JfaWQiOiI2MTI1ZjJmNWEyNzc5Iiwic2hvcnRjb2RlIjoidmNfY29sdW1uIiwiZGF0YSI6eyJ0YWJsZXQiOnt9LCJtb2JpbGUiOnt9fX0=\u00a0\u00bb]\t\t\t<div class=\"info-box-wrapper\">\n\t\t\t\t<div id=\"wd-65ef099250f8e\" class=\" wd-rs-65ef099250f8e wd-info-box wd-wpb text-left box-icon-align-left box-style- color-scheme- wd-bg-none wd-items-top vc_custom_1710164425911\">\n\t\t\t\t\t\t\t\t\t\t<div class=\"info-box-content\">\n\t\t\t\t\t\t<h4 class=\"info-box-title title box-title-style-default wd-fontsize-m\">Nous aimons ce que nous faisons<\/h4>\t\t\t\t\t\t<div class=\"info-box-inner reset-last-child\"><\/p>\n<div class=\"flex-1 overflow-hidden\">\n<div class=\"react-scroll-to-bottom--css-dfryu-79elbk h-full\">\n<div class=\"react-scroll-to-bottom--css-dfryu-1n7m0yu\">\n<div class=\"flex flex-col text-sm pb-9\">\n<div class=\"w-full text-token-text-primary\" data-testid=\"conversation-turn-45\">\n<div class=\"px-4 py-2 justify-center text-base md:gap-6 m-auto\">\n<div class=\"flex flex-1 text-base mx-auto gap-3 md:px-5 lg:px-1 xl:px-5 md:max-w-3xl lg:max-w-[40rem] xl:max-w-[48rem] group final-completion\">\n<div class=\"relative flex w-full flex-col agent-turn\">\n<div class=\"flex-col gap-1 md:gap-3\">\n<div class=\"flex flex-grow flex-col max-w-full\">\n<div class=\"min-h-[20px] text-message flex flex-col items-start gap-3 whitespace-pre-wrap break-words [.text-message+&amp;]:mt-5 overflow-x-auto\" data-message-author-role=\"assistant\" data-message-id=\"772c644b-8405-4afb-ba33-9080e9e96ebc\">\n<div class=\"markdown prose w-full break-words dark:prose-invert light\">\n<p>Notre passion est le caf\u00e9. Notre s\u00e9lection de produits est le r\u00e9sultat de notre d\u00e9vouement \u00e0 offrir l&rsquo;exp\u00e9rience caf\u00e9 parfaite.<\/p>\n<\/div>\n<\/div>\n<\/div>\n<\/div>\n<\/div>\n<\/div>\n<\/div>\n<\/div>\n<\/div>\n<\/div>\n<\/div>\n<\/div>\n<p>\n<\/div>\n\n\t\t\t\t\t\t\t\t\t\t\t<\/div>\n\n\t\t\t\t\t\n\t\t\t\t\t<style><\/style>\t\t\t\t<\/div>\n\t\t\t<\/div>\n\t\t[\/vc_column][vc_column width=\u00a0\u00bb1\/2&Prime; css=\u00a0\u00bb.vc_custom_1629876980184{margin-bottom: 40px !important;padding-top: 0px !important;}\u00a0\u00bb mobile_bg_img_hidden=\u00a0\u00bbno\u00a0\u00bb tablet_bg_img_hidden=\u00a0\u00bbno\u00a0\u00bb woodmart_parallax=\u00a0\u00bb0&Prime; woodmart_sticky_column=\u00a0\u00bbfalse\u00a0\u00bb parallax_scroll=\u00a0\u00bbno\u00a0\u00bb mobile_reset_margin=\u00a0\u00bbno\u00a0\u00bb tablet_reset_margin=\u00a0\u00bbno\u00a0\u00bb offset=\u00a0\u00bbvc_col-lg-offset-1 vc_col-lg-3 vc_col-md-4&Prime; wd_z_index=\u00a0\u00bbno\u00a0\u00bb woodmart_css_id=\u00a0\u00bb6125f2efc6c08&Prime; responsive_spacing=\u00a0\u00bbeyJwYXJhbV90eXBlIjoid29vZG1hcnRfcmVzcG9uc2l2ZV9zcGFjaW5nIiwic2VsZWN0b3JfaWQiOiI2MTI1ZjJlZmM2YzA4Iiwic2hvcnRjb2RlIjoidmNfY29sdW1uIiwiZGF0YSI6eyJ0YWJsZXQiOnt9LCJtb2JpbGUiOnt9fX0=\u00a0\u00bb]\t\t\t<div class=\"info-box-wrapper\">\n\t\t\t\t<div id=\"wd-65ef0f8e19901\" class=\" wd-rs-65ef0f8e19901 wd-info-box wd-wpb text-left box-icon-align-left box-style- color-scheme- wd-bg-none wd-items-top vc_custom_1710165907853\">\n\t\t\t\t\t\t\t\t\t\t<div class=\"info-box-content\">\n\t\t\t\t\t\t<h4 class=\"info-box-title title box-title-style-default wd-fontsize-m\">L'excellence dans chaque gorg\u00e9e<\/h4>\t\t\t\t\t\t<div class=\"info-box-inner reset-last-child\"><\/p>\n<div class=\"flex-1 overflow-hidden\">\n<div class=\"react-scroll-to-bottom--css-dfryu-79elbk h-full\">\n<div class=\"react-scroll-to-bottom--css-dfryu-1n7m0yu\">\n<div class=\"flex flex-col text-sm pb-9\">\n<div class=\"w-full text-token-text-primary\" data-testid=\"conversation-turn-45\">\n<div class=\"px-4 py-2 justify-center text-base md:gap-6 m-auto\">\n<div class=\"flex flex-1 text-base mx-auto gap-3 md:px-5 lg:px-1 xl:px-5 md:max-w-3xl lg:max-w-[40rem] xl:max-w-[48rem] group final-completion\">\n<div class=\"relative flex w-full flex-col agent-turn\">\n<div class=\"flex-col gap-1 md:gap-3\">\n<div class=\"flex flex-grow flex-col max-w-full\">\n<div class=\"min-h-[20px] text-message flex flex-col items-start gap-3 whitespace-pre-wrap break-words [.text-message+&amp;]:mt-5 overflow-x-auto\" data-message-author-role=\"assistant\" data-message-id=\"772c644b-8405-4afb-ba33-9080e9e96ebc\">\n<div class=\"markdown prose w-full break-words dark:prose-invert light\">\n<div class=\"flex-1 overflow-hidden\">\n<div class=\"react-scroll-to-bottom--css-dfryu-79elbk h-full\">\n<div class=\"react-scroll-to-bottom--css-dfryu-1n7m0yu\">\n<div class=\"flex flex-col text-sm pb-9\">\n<div class=\"w-full text-token-text-primary\" data-testid=\"conversation-turn-63\">\n<div class=\"px-4 py-2 justify-center text-base md:gap-6 m-auto\">\n<div class=\"flex flex-1 text-base mx-auto gap-3 md:px-5 lg:px-1 xl:px-5 md:max-w-3xl lg:max-w-[40rem] xl:max-w-[48rem] group final-completion\">\n<div class=\"relative flex w-full flex-col agent-turn\">\n<div class=\"flex-col gap-1 md:gap-3\">\n<div class=\"flex flex-grow flex-col max-w-full\">\n<div class=\"min-h-[20px] text-message flex flex-col items-start gap-3 whitespace-pre-wrap break-words [.text-message+&amp;]:mt-5 overflow-x-auto\" data-message-author-role=\"assistant\" data-message-id=\"671ff33b-8683-44c1-8288-16718fd29152\">\n<div class=\"markdown prose w-full break-words dark:prose-invert light\">\n<p>Chaque produit est soigneusement s\u00e9lectionn\u00e9, suivant un processus de s\u00e9lection rigoureux qui garantit uniquement le meilleur pour nos clients.<\/p>\n<\/div>\n<\/div>\n<\/div>\n<\/div>\n<\/div>\n<\/div>\n<\/div>\n<\/div>\n<\/div>\n<\/div>\n<\/div>\n<\/div>\n<\/div>\n<\/div>\n<\/div>\n<\/div>\n<\/div>\n<\/div>\n<\/div>\n<\/div>\n<\/div>\n<\/div>\n<\/div>\n<\/div>\n<p>\n<\/div>\n\n\t\t\t\t\t\t\t\t\t\t\t<\/div>\n\n\t\t\t\t\t\n\t\t\t\t\t<style><\/style>\t\t\t\t<\/div>\n\t\t\t<\/div>\n\t\t[\/vc_column][\/vc_row][vc_section full_width=\u00a0\u00bbstretch_row\u00a0\u00bb css=\u00a0\u00bb.vc_custom_1710174036562{margin-bottom: 80px !important;padding-bottom: 40px !important;background-image: url(https:\/\/caffeonline.aclas.io\/wp-content\/uploads\/2024\/03\/coffee-beans.jpg?id=9948) !important;background-position: center !important;background-repeat: no-repeat !important;background-size: cover !important;}\u00a0\u00bb mobile_bg_img_hidden=\u00a0\u00bbno\u00a0\u00bb tablet_bg_img_hidden=\u00a0\u00bbno\u00a0\u00bb woodmart_parallax=\u00a0\u00bb0&Prime; woodmart_gradient_switch=\u00a0\u00bbno\u00a0\u00bb woodmart_disable_overflow=\u00a0\u00bb0&Prime; wd_z_index=\u00a0\u00bbno\u00a0\u00bb woodmart_css_id=\u00a0\u00bb65ef2f4873c15&Prime; responsive_spacing=\u00a0\u00bbeyJwYXJhbV90eXBlIjoid29vZG1hcnRfcmVzcG9uc2l2ZV9zcGFjaW5nIiwic2VsZWN0b3JfaWQiOiI2NWVmMmY0ODczYzE1Iiwic2hvcnRjb2RlIjoidmNfc2VjdGlvbiIsImRhdGEiOnsidGFibGV0Ijp7fSwibW9iaWxlIjp7Im1hcmdpbi1ib3R0b20iOiIzMHB4IiwicGFkZGluZy10b3AiOiI2MHB4IiwicGFkZGluZy1ib3R0b20iOiIyMHB4In19fQ==\u00a0\u00bb woodmart_box_shadow=\u00a0\u00bbno\u00a0\u00bb][vc_row equal_height=\u00a0\u00bbyes\u00a0\u00bb content_placement=\u00a0\u00bbmiddle\u00a0\u00bb woodmart_bg_position=\u00a0\u00bbleft-bottom\u00a0\u00bb css=\u00a0\u00bb.vc_custom_1710171441660{margin-right: -15px !important;margin-left: -15px !important;}\u00a0\u00bb mobile_bg_img_hidden=\u00a0\u00bbno\u00a0\u00bb tablet_bg_img_hidden=\u00a0\u00bbno\u00a0\u00bb woodmart_parallax=\u00a0\u00bb0&Prime; woodmart_gradient_switch=\u00a0\u00bbno\u00a0\u00bb row_reverse_mobile=\u00a0\u00bb0&Prime; row_reverse_tablet=\u00a0\u00bb0&Prime; woodmart_disable_overflow=\u00a0\u00bb0&Prime; woodmart_css_id=\u00a0\u00bb65ef2514a55fc\u00a0\u00bb responsive_spacing=\u00a0\u00bbeyJwYXJhbV90eXBlIjoid29vZG1hcnRfcmVzcG9uc2l2ZV9zcGFjaW5nIiwic2VsZWN0b3JfaWQiOiI2NWVmMjUxNGE1NWZjIiwic2hvcnRjb2RlIjoidmNfcm93IiwiZGF0YSI6eyJ0YWJsZXQiOnt9LCJtb2JpbGUiOnt9fX0=\u00a0\u00bb woodmart_box_shadow=\u00a0\u00bbyes\u00a0\u00bb wd_z_index=\u00a0\u00bbno\u00a0\u00bb wd_box_shadow=\u00a0\u00bbeyJkZXZpY2VzIjp7ImRlc2t0b3AiOnsiaG9yaXpvbnRhbCI6IjUiLCJ2ZXJ0aWNhbCI6IjUiLCJibHVyIjoiOSIsInNwcmVhZCI6IjAiLCJjb2xvciI6InJnYmEoMCwgMCwgMCwgLjE1KSJ9fX0=\u00a0\u00bb][vc_column css=\u00a0\u00bb.vc_custom_1629877079783{margin-bottom: 40px !important;padding-top: 10px !important;padding-right: 15px !important;padding-bottom: 10px !important;padding-left: 15px !important;}\u00a0\u00bb mobile_bg_img_hidden=\u00a0\u00bbno\u00a0\u00bb tablet_bg_img_hidden=\u00a0\u00bbno\u00a0\u00bb woodmart_parallax=\u00a0\u00bb0&Prime; woodmart_sticky_column=\u00a0\u00bbfalse\u00a0\u00bb parallax_scroll=\u00a0\u00bbno\u00a0\u00bb mobile_reset_margin=\u00a0\u00bbno\u00a0\u00bb tablet_reset_margin=\u00a0\u00bbno\u00a0\u00bb wd_z_index=\u00a0\u00bbno\u00a0\u00bb woodmart_css_id=\u00a0\u00bb6125f353ede07&Prime; responsive_spacing=\u00a0\u00bbeyJwYXJhbV90eXBlIjoid29vZG1hcnRfcmVzcG9uc2l2ZV9zcGFjaW5nIiwic2VsZWN0b3JfaWQiOiI2MTI1ZjM1M2VkZTA3Iiwic2hvcnRjb2RlIjoidmNfY29sdW1uIiwiZGF0YSI6eyJ0YWJsZXQiOnt9LCJtb2JpbGUiOnt9fX0=\u00a0\u00bb][vc_row_inner equal_height=\u00a0\u00bbyes\u00a0\u00bb css=\u00a0\u00bb.vc_custom_1710171102489{margin-right: 0px !important;margin-left: 0px !important;border-bottom-width: 1px !important;border-bottom-color: rgba(255,255,255,0.3) !important;border-bottom-style: solid !important;}\u00a0\u00bb row_reverse_mobile=\u00a0\u00bb0&Prime; row_reverse_tablet=\u00a0\u00bb0&Prime; woodmart_css_id=\u00a0\u00bb65ef23d5b9154&Prime; responsive_spacing=\u00a0\u00bbeyJwYXJhbV90eXBlIjoid29vZG1hcnRfcmVzcG9uc2l2ZV9zcGFjaW5nIiwic2VsZWN0b3JfaWQiOiI2NWVmMjNkNWI5MTU0Iiwic2hvcnRjb2RlIjoidmNfcm93X2lubmVyIiwiZGF0YSI6eyJ0YWJsZXQiOnt9LCJtb2JpbGUiOnt9fX0=\u00a0\u00bb mobile_bg_img_hidden=\u00a0\u00bbno\u00a0\u00bb tablet_bg_img_hidden=\u00a0\u00bbno\u00a0\u00bb woodmart_parallax=\u00a0\u00bb0&Prime; woodmart_gradient_switch=\u00a0\u00bbno\u00a0\u00bb woodmart_box_shadow=\u00a0\u00bbno\u00a0\u00bb wd_z_index=\u00a0\u00bbno\u00a0\u00bb woodmart_disable_overflow=\u00a0\u00bb0&Prime;][vc_column_inner width=\u00a0\u00bb1\/2&Prime; css=\u00a0\u00bb.vc_custom_1499604113587{border-right-width: 1px !important;padding-top: 35px !important;border-right-color: rgba(255,255,255,0.3) !important;border-right-style: solid !important;}\u00a0\u00bb offset=\u00a0\u00bbvc_col-xs-6&Prime;]\t\t\t<div class=\"woodmart-counter wd-wpb  wd-rs-65ef2f1f2a74e counter-large text-center color-scheme-custom \" id=\"wd-65ef2f1f2a74e\">\n\t\t\t\t<div class=\"counter-value wd-font-weight-900\" data-state=\"new\" data-final=\"2012\">\n\t\t\t\t\t0\t\t\t\t<\/div>\n\t\t\t\t\t\t\t\t\t<div class=\"counter-label\">ANN\u00c9E DE FONDATION<\/div>\n\t\t\t\t\t\t\t\t\t\t\t<\/div>\n\n\t\t[\/vc_column_inner][vc_column_inner width=\u00a0\u00bb1\/2&Prime; css=\u00a0\u00bb.vc_custom_1499604100036{padding-top: 35px !important;}\u00a0\u00bb offset=\u00a0\u00bbvc_col-xs-6&Prime;]\t\t\t<div class=\"woodmart-counter wd-wpb  wd-rs-65ef26f497575 counter-large text-center color-scheme-custom \" id=\"wd-65ef26f497575\">\n\t\t\t\t<div class=\"counter-value wd-font-weight-900\" data-state=\"new\" data-final=\"4000\">\n\t\t\t\t\t0\t\t\t\t<\/div>\n\t\t\t\t\t\t\t\t\t<div class=\"counter-label\">CLIENTS SATISFAITS<\/div>\n\t\t\t\t\t\t\t\t\t\t\t<\/div>\n\n\t\t[\/vc_column_inner][\/vc_row_inner][vc_row_inner css=\u00a0\u00bb.vc_custom_1499603294997{margin-right: 0px !important;margin-left: 0px !important;border-bottom-width: 1px !important;border-bottom-color: rgba(255,255,255,0.3) !important;border-bottom-style: solid !important;}\u00a0\u00bb][vc_column_inner width=\u00a0\u00bb1\/2&Prime; css=\u00a0\u00bb.vc_custom_1499604519781{border-right-width: 1px !important;padding-top: 35px !important;border-right-color: rgba(255,255,255,0.3) !important;border-right-style: solid !important;}\u00a0\u00bb offset=\u00a0\u00bbvc_col-xs-6&Prime;]\t\t\t<div class=\"woodmart-counter wd-wpb  wd-rs-65ef26ec44abd counter-large text-center color-scheme-custom \" id=\"wd-65ef26ec44abd\">\n\t\t\t\t<div class=\"counter-value wd-font-weight-900\" data-state=\"new\" data-final=\"50\">\n\t\t\t\t\t0\t\t\t\t<\/div>\n\t\t\t\t\t\t\t\t\t<div class=\"counter-label\">ENTREPRISES TRAVAILLENT AVEC NOUS<\/div>\n\t\t\t\t\t\t\t\t\t\t\t<\/div>\n\n\t\t[\/vc_column_inner][vc_column_inner width=\u00a0\u00bb1\/2&Prime; css=\u00a0\u00bb.vc_custom_1499604526470{padding-top: 35px !important;}\u00a0\u00bb offset=\u00a0\u00bbvc_col-xs-6&Prime;]\t\t\t<div class=\"woodmart-counter wd-wpb  wd-rs-65ef26fad95df counter-large text-center color-scheme-custom \" id=\"wd-65ef26fad95df\">\n\t\t\t\t<div class=\"counter-value wd-font-weight-900\" data-state=\"new\" data-final=\"2\">\n\t\t\t\t\t0\t\t\t\t<\/div>\n\t\t\t\t\t\t\t\t\t<div class=\"counter-label\">ENTREP\u00d4T<\/div>\n\t\t\t\t\t\t\t\t\t\t\t<\/div>\n\n\t\t[\/vc_column_inner][\/vc_row_inner][\/vc_column][\/vc_row][\/vc_section][vc_row mobile_bg_img_hidden=\u00a0\u00bbno\u00a0\u00bb tablet_bg_img_hidden=\u00a0\u00bbno\u00a0\u00bb woodmart_parallax=\u00a0\u00bb0&Prime; woodmart_gradient_switch=\u00a0\u00bbno\u00a0\u00bb row_reverse_mobile=\u00a0\u00bb1&Prime; row_reverse_tablet=\u00a0\u00bb1&Prime; woodmart_disable_overflow=\u00a0\u00bb0&Prime; wd_z_index=\u00a0\u00bbno\u00a0\u00bb woodmart_css_id=\u00a0\u00bb65ef317acc4ce\u00a0\u00bb responsive_spacing=\u00a0\u00bbeyJwYXJhbV90eXBlIjoid29vZG1hcnRfcmVzcG9uc2l2ZV9zcGFjaW5nIiwic2VsZWN0b3JfaWQiOiI2NWVmMzE3YWNjNGNlIiwic2hvcnRjb2RlIjoidmNfcm93IiwiZGF0YSI6eyJ0YWJsZXQiOnt9LCJtb2JpbGUiOnt9fX0=\u00a0\u00bb woodmart_box_shadow=\u00a0\u00bbno\u00a0\u00bb][vc_column css=\u00a0\u00bb.vc_custom_1710174189203{margin-bottom: 40px !important;padding-top: 0px !important;}\u00a0\u00bb mobile_bg_img_hidden=\u00a0\u00bbno\u00a0\u00bb tablet_bg_img_hidden=\u00a0\u00bbno\u00a0\u00bb woodmart_parallax=\u00a0\u00bb0&Prime; woodmart_sticky_column=\u00a0\u00bbfalse\u00a0\u00bb parallax_scroll=\u00a0\u00bbno\u00a0\u00bb mobile_reset_margin=\u00a0\u00bbno\u00a0\u00bb tablet_reset_margin=\u00a0\u00bbno\u00a0\u00bb offset=\u00a0\u00bbvc_col-lg-6 vc_col-md-6 vc_hidden-xs\u00a0\u00bb wd_z_index=\u00a0\u00bbno\u00a0\u00bb woodmart_css_id=\u00a0\u00bb65ef2fe2a3ec9&Prime; responsive_spacing=\u00a0\u00bbeyJwYXJhbV90eXBlIjoid29vZG1hcnRfcmVzcG9uc2l2ZV9zcGFjaW5nIiwic2VsZWN0b3JfaWQiOiI2NWVmMmZlMmEzZWM5Iiwic2hvcnRjb2RlIjoidmNfY29sdW1uIiwiZGF0YSI6eyJ0YWJsZXQiOnt9LCJtb2JpbGUiOnt9fX0=\u00a0\u00bb wd_collapsible_content_switcher=\u00a0\u00bbno\u00a0\u00bb wd_column_role_offcanvas_desktop=\u00a0\u00bbno\u00a0\u00bb wd_column_role_offcanvas_tablet=\u00a0\u00bbno\u00a0\u00bb wd_column_role_offcanvas_mobile=\u00a0\u00bbno\u00a0\u00bb wd_column_role_content_desktop=\u00a0\u00bbno\u00a0\u00bb wd_column_role_content_tablet=\u00a0\u00bbno\u00a0\u00bb wd_column_role_content_mobile=\u00a0\u00bbno\u00a0\u00bb woodmart_box_shadow=\u00a0\u00bbno\u00a0\u00bb]\t\t<div id=\"wd-65ef2fdbca07a\" class=\"wd-image wd-wpb wd-rs-65ef2fdbca07a text-left vc_custom_1710174177717\">\n\t\t\t\n\t\t\t<img loading=\"lazy\" decoding=\"async\" width=\"657\" height=\"876\" src=\"https:\/\/caffeonline.aclas.io\/wp-content\/uploads\/2024\/03\/aboutus.png\" class=\"attachment-full size-full\" alt=\"\" srcset=\"https:\/\/caffeonline.aclas.io\/wp-content\/uploads\/2024\/03\/aboutus.png 657w, https:\/\/caffeonline.aclas.io\/wp-content\/uploads\/2024\/03\/aboutus-225x300.png 225w, https:\/\/caffeonline.aclas.io\/wp-content\/uploads\/2024\/03\/aboutus-600x800.jpg 600w, https:\/\/caffeonline.aclas.io\/wp-content\/uploads\/2024\/03\/aboutus-650x867.png 650w, https:\/\/caffeonline.aclas.io\/wp-content\/uploads\/2024\/03\/aboutus-150x200.png 150w\" sizes=\"auto, (max-width: 657px) 100vw, 657px\" \/>\n\t\t\t\t\t<\/div>\n\t\t[\/vc_column][vc_column css=\u00a0\u00bb.vc_custom_1629877027060{margin-bottom: 40px !important;padding-top: 40px !important;}\u00a0\u00bb mobile_bg_img_hidden=\u00a0\u00bbno\u00a0\u00bb tablet_bg_img_hidden=\u00a0\u00bbno\u00a0\u00bb woodmart_parallax=\u00a0\u00bb0&Prime; woodmart_sticky_column=\u00a0\u00bbfalse\u00a0\u00bb parallax_scroll=\u00a0\u00bbno\u00a0\u00bb mobile_reset_margin=\u00a0\u00bbno\u00a0\u00bb tablet_reset_margin=\u00a0\u00bbno\u00a0\u00bb offset=\u00a0\u00bbvc_col-lg-offset-1 vc_col-lg-5 vc_col-md-6 vc_col-xs-12&Prime; wd_z_index=\u00a0\u00bbno\u00a0\u00bb woodmart_css_id=\u00a0\u00bb6125f320eb687&Prime; responsive_spacing=\u00a0\u00bbeyJwYXJhbV90eXBlIjoid29vZG1hcnRfcmVzcG9uc2l2ZV9zcGFjaW5nIiwic2VsZWN0b3JfaWQiOiI2MTI1ZjMyMGViNjg3Iiwic2hvcnRjb2RlIjoidmNfY29sdW1uIiwiZGF0YSI6eyJ0YWJsZXQiOnt9LCJtb2JpbGUiOnsicGFkZGluZy10b3AiOiIwIn19fQ==\u00a0\u00bb]\n\t\t<div id=\"wd-65ef0e5a72f66\" class=\"title-wrapper wd-wpb wd-set-mb reset-last-child  wd-rs-65ef0e5a72f66 wd-title-color-primary wd-title-style-default text-left vc_custom_1710165674344 wd-underline-colored\">\n\t\t\t\t\t\t\t\n\t\t\t\t<div class=\"title-subtitle  subtitle-color-primary font-default subtitle-style-default wd-font-weight-600 wd-fontsize-xs\">CaffeOnline est un projet qui existe depuis plus de 10 ans et qui est toujours tr\u00e8s pris\u00e9.<\/div>\n\t\t\t\n\t\t\t<div class=\"liner-continer\">\n\t\t\t\t<h4 class=\"woodmart-title-container title  wd-font-weight- wd-fontsize-xxl\" >L'id\u00e9e de CaffeOnline est n\u00e9e de la passion du propri\u00e9taire.<\/h4>\n\t\t\t\t\t\t\t<\/div>\n\t\t\t\n\t\t\t\n\t\t\t\n\t\t<\/div>\n\t\t\n\t\t\t\t<div id=\"wd-65ef0f6ff0a37\" class=\"wd-text-block wd-wpb reset-last-child wd-rs-65ef0f6ff0a37 text-left wd-width-enabled wd-fontsize-s vc_custom_1710165880312\" style=\"--wd-max-width: 90%;\">\n\t\t\t<div class=\"flex-1 overflow-hidden\">\n<div class=\"react-scroll-to-bottom--css-dfryu-79elbk h-full\">\n<div class=\"react-scroll-to-bottom--css-dfryu-1n7m0yu\">\n<div class=\"flex flex-col text-sm pb-9\">\n<div class=\"w-full text-token-text-primary\" data-testid=\"conversation-turn-63\">\n<div class=\"px-4 py-2 justify-center text-base md:gap-6 m-auto\">\n<div class=\"flex flex-1 text-base mx-auto gap-3 md:px-5 lg:px-1 xl:px-5 md:max-w-3xl lg:max-w-[40rem] xl:max-w-[48rem] group final-completion\">\n<div class=\"relative flex w-full flex-col agent-turn\">\n<div class=\"flex-col gap-1 md:gap-3\">\n<div class=\"flex flex-grow flex-col max-w-full\">\n<div class=\"min-h-[20px] text-message flex flex-col items-start gap-3 whitespace-pre-wrap break-words [.text-message+&amp;]:mt-5 overflow-x-auto\" data-message-author-role=\"assistant\" data-message-id=\"671ff33b-8683-44c1-8288-16718fd29152\">\n<div class=\"markdown prose w-full break-words dark:prose-invert light\">\n<p><em>Qui, gr\u00e2ce \u00e0 son exp\u00e9rience, souhaitait introduire des produits nouveaux, de haute qualit\u00e9 et peu connus sur le march\u00e9 suisse.<\/em><\/p>\n<\/div>\n<\/div>\n<\/div>\n<\/div>\n<\/div>\n<\/div>\n<\/div>\n<\/div>\n<\/div>\n<\/div>\n<\/div>\n<\/div>\n\t\t<\/div>\n\t\t\t\t<div id=\"wd-65ef10a3d9e97\" class=\"wd-text-block wd-wpb reset-last-child wd-rs-65ef10a3d9e97 text-left wd-fontsize-custom vc_custom_1710166185816\">\n\t\t\t<p>Cette aventure a d\u00e9but\u00e9 \u00e0 Schlieren, o\u00f9 CaffeOnline a toujours son premier si\u00e8ge principal sous forme d&rsquo;un showroom, offrant des possibilit\u00e9s de conseil et d&rsquo;achat.<\/p>\n<p>Ce petit commerce s&rsquo;est \u00e9tabli comme un lieu de rencontre pour les amateurs de cette merveilleuse boisson de plaisir, mais aussi comme un point de vente central pour le caf\u00e9 des meilleures marques italiennes sous toutes ses formes (grains, dosettes, capsules) et les \u00e9quipements et accessoires associ\u00e9s (machines \u00e0 caf\u00e9, moka classique, tasses, sucre, etc.), qui sont indispensables pour tous les amateurs de caf\u00e9.<\/p>\n<p>Entre autres, CaffeOnline s&rsquo;occupe \u00e9galement des r\u00e9parations et de l&rsquo;entretien des appareils et machines, ainsi que du conseil \u00e0 la client\u00e8le concernant le choix des go\u00fbts et la meilleure pr\u00e9paration possible d&rsquo;un caf\u00e9 optimal.<\/p>\n\t\t<\/div>\n\t\t[\/vc_column][\/vc_row]<\/p>\n<\/div>","protected":false},"excerpt":{"rendered":"<p>[vc_row full_width=\u00a0\u00bbstretch_row\u00a0\u00bb content_placement=\u00a0\u00bbmiddle\u00a0\u00bb css=\u00a0\u00bb.vc_custom_1757149721131{margin-top: -40px !important;padding-top: 70px !important;background-color: #a05c3e !important;}\u00a0\u00bb mobile_bg_img_hidden=\u00a0\u00bbno\u00a0\u00bb tablet_bg_img_hidden=\u00a0\u00bbno\u00a0\u00bb woodmart_parallax=\u00a0\u00bb0&Prime; woodmart_gradient_switch=\u00a0\u00bbno\u00a0\u00bb row_reverse_mobile=\u00a0\u00bb0&Prime; row_reverse_tablet=\u00a0\u00bb0&Prime; woodmart_disable_overflow=\u00a0\u00bb0&Prime; wd_z_index=\u00a0\u00bbno\u00a0\u00bb woodmart_css_id=\u00a0\u00bb68bbfa1492c16&Prime; responsive_spacing=\u00a0\u00bbeyJwYXJhbV90eXBlIjoid29vZG1hcnRfcmVzcG9uc2l2ZV9zcGFjaW5nIiwic2VsZWN0b3JfaWQiOiI2OGJiZmExNDkyYzE2Iiwic2hvcnRjb2RlIjoidmNfcm93IiwiZGF0YSI6eyJ0YWJsZXQiOnt9LCJtb2JpbGUiOnsicGFkZGluZy10b3AiOiI2MHB4IiwicGFkZGluZy1ib3R0b20iOiIyMHB4In19fQ==\u00a0\u00bb<\/p>\n","protected":false},"author":1,"featured_media":0,"parent":0,"menu_order":0,"comment_status":"closed","ping_status":"closed","template":"","meta":{"_relevanssi_hide_post":"","_relevanssi_hide_content":"","_relevanssi_pin_for_all":"","_relevanssi_pin_keywords":"","_relevanssi_unpin_keywords":"","_relevanssi_related_keywords":"","_relevanssi_related_include_ids":"","_relevanssi_related_exclude_ids":"","_relevanssi_related_no_append":"","_relevanssi_related_not_related":"","_relevanssi_related_posts":"","_relevanssi_noindex_reason":"","footnotes":""},"class_list":["post-132549308","page","type-page","status-publish","hentry"],"_links":{"self":[{"href":"https:\/\/caffeonline.aclas.io\/fr\/wp-json\/wp\/v2\/pages\/132549308","targetHints":{"allow":["GET"]}}],"collection":[{"href":"https:\/\/caffeonline.aclas.io\/fr\/wp-json\/wp\/v2\/pages"}],"about":[{"href":"https:\/\/caffeonline.aclas.io\/fr\/wp-json\/wp\/v2\/types\/page"}],"author":[{"embeddable":true,"href":"https:\/\/caffeonline.aclas.io\/fr\/wp-json\/wp\/v2\/users\/1"}],"replies":[{"embeddable":true,"href":"https:\/\/caffeonline.aclas.io\/fr\/wp-json\/wp\/v2\/comments?post=132549308"}],"version-history":[{"count":6,"href":"https:\/\/caffeonline.aclas.io\/fr\/wp-json\/wp\/v2\/pages\/132549308\/revisions"}],"predecessor-version":[{"id":132551090,"href":"https:\/\/caffeonline.aclas.io\/fr\/wp-json\/wp\/v2\/pages\/132549308\/revisions\/132551090"}],"wp:attachment":[{"href":"https:\/\/caffeonline.aclas.io\/fr\/wp-json\/wp\/v2\/media?parent=132549308"}],"curies":[{"name":"wp","href":"https:\/\/api.w.org\/{rel}","templated":true}]}}